{"id":31,"date":"2024-07-07T21:10:20","date_gmt":"2024-07-07T21:10:20","guid":{"rendered":"https:\/\/solucoeswebpro.com.br\/primecare\/?page_id=31"},"modified":"2025-10-08T10:49:27","modified_gmt":"2025-10-08T13:49:27","slug":"sobre","status":"publish","type":"page","link":"https:\/\/solucoeswebpro.com.br\/primecare\/sobre\/","title":{"rendered":"Sobre"},"content":{"rendered":"\n\n<h1 class=\"wp-block-site-title\"><a href=\"https:\/\/solucoeswebpro.com.br\/primecare\" target=\"_self\" rel=\"home\">Prime Care<\/a><\/h1>\n\n<nav class=\"is-responsive wp-block-navigation is-layout-flex wp-block-navigation-is-layout-flex\" aria-label=\"Navigation\" \n\t\t data-wp-interactive=\"core\/navigation\" data-wp-context='{\"overlayOpenedBy\":{\"click\":false,\"hover\":false,\"focus\":false},\"type\":\"overlay\",\"roleAttribute\":\"\",\"ariaLabel\":\"Menu\"}'><button aria-haspopup=\"dialog\" aria-label=\"Abrir menu\" class=\"wp-block-navigation__responsive-container-open\" \n\t\t\t\tdata-wp-on--click=\"actions.openMenuOnClick\"\n\t\t\t\tdata-wp-on--keydown=\"actions.handleMenuKeydown\"\n\t\t\t><svg width=\"24\" height=\"24\" xmlns=\"http:\/\/www.w3.org\/2000\/svg\" viewBox=\"0 0 24 24\" aria-hidden=\"true\" focusable=\"false\"><path d=\"M4 7.5h16v1.5H4z\"><\/path><path d=\"M4 15h16v1.5H4z\"><\/path><\/svg><\/button>\n\t\t\t\t<div class=\"wp-block-navigation__responsive-container\"  id=\"modal-1\" \n\t\t\t\tdata-wp-class--has-modal-open=\"state.isMenuOpen\"\n\t\t\t\tdata-wp-class--is-menu-open=\"state.isMenuOpen\"\n\t\t\t\tdata-wp-watch=\"callbacks.initMenu\"\n\t\t\t\tdata-wp-on--keydown=\"actions.handleMenuKeydown\"\n\t\t\t\tdata-wp-on--focusout=\"actions.handleMenuFocusout\"\n\t\t\t\ttabindex=\"-1\"\n\t\t\t>\n\t\t\t\t\t<div class=\"wp-block-navigation__responsive-close\" tabindex=\"-1\">\n\t\t\t\t\t\t<div class=\"wp-block-navigation__responsive-dialog\" \n\t\t\t\tdata-wp-bind--aria-modal=\"state.ariaModal\"\n\t\t\t\tdata-wp-bind--aria-label=\"state.ariaLabel\"\n\t\t\t\tdata-wp-bind--role=\"state.roleAttribute\"\n\t\t\t>\n\t\t\t\t\t\t\t<button aria-label=\"Fechar menu\" class=\"wp-block-navigation__responsive-container-close\" \n\t\t\t\tdata-wp-on--click=\"actions.closeMenuOnClick\"\n\t\t\t><svg xmlns=\"http:\/\/www.w3.org\/2000\/svg\" viewBox=\"0 0 24 24\" width=\"24\" height=\"24\" aria-hidden=\"true\" focusable=\"false\"><path d=\"m13.06 12 6.47-6.47-1.06-1.06L12 10.94 5.53 4.47 4.47 5.53 10.94 12l-6.47 6.47 1.06 1.06L12 13.06l6.47 6.47 1.06-1.06L13.06 12Z\"><\/path><\/svg><\/button>\n\t\t\t\t\t\t\t<div class=\"wp-block-navigation__responsive-container-content\" \n\t\t\t\tdata-wp-watch=\"callbacks.focusFirstElement\"\n\t\t\t id=\"modal-1-content\">\n\t\t\t\t\t\t\t\t<ul class=\"wp-block-navigation__container is-responsive wp-block-navigation\"><ul class=\"wp-block-page-list\"><li class=\"wp-block-pages-list__item wp-block-navigation-item open-on-hover-click\"><a class=\"wp-block-pages-list__item__link wp-block-navigation-item__content\" href=\"https:\/\/solucoeswebpro.com.br\/primecare\/contato\/\">Contato<\/a><\/li><li class=\"wp-block-pages-list__item wp-block-navigation-item open-on-hover-click\"><a class=\"wp-block-pages-list__item__link wp-block-navigation-item__content\" href=\"https:\/\/solucoeswebpro.com.br\/primecare\/convenios\/\">Conv\u00eanios<\/a><\/li><li class=\"wp-block-pages-list__item wp-block-navigation-item open-on-hover-click menu-item-home\"><a class=\"wp-block-pages-list__item__link wp-block-navigation-item__content\" href=\"https:\/\/solucoeswebpro.com.br\/primecare\/\">Home<\/a><\/li><li class=\"wp-block-pages-list__item wp-block-navigation-item open-on-hover-click\"><a class=\"wp-block-pages-list__item__link wp-block-navigation-item__content\" href=\"https:\/\/solucoeswebpro.com.br\/primecare\/nossa-equipe\/\">Nossa Equipe<\/a><\/li><li class=\"wp-block-pages-list__item wp-block-navigation-item open-on-hover-click\"><a class=\"wp-block-pages-list__item__link wp-block-navigation-item__content\" href=\"https:\/\/solucoeswebpro.com.br\/primecare\/servicos\/\">Servi\u00e7os<\/a><\/li><li class=\"wp-block-pages-list__item wp-block-navigation-item open-on-hover-click\"><a class=\"wp-block-pages-list__item__link wp-block-navigation-item__content\" href=\"https:\/\/solucoeswebpro.com.br\/primecare\/sobre\/\">Sobre<\/a><\/li><\/ul><\/ul>\n\t\t\t\t\t\t\t<\/div>\n\t\t\t\t\t\t<\/div>\n\t\t\t\t\t<\/div>\n\t\t\t\t<\/div><\/nav>\n\n\n<figure class=\"wp-block-image size-full\"><img fetchpriority=\"high\" decoding=\"async\" width=\"500\" height=\"500\" src=\"https:\/\/solucoeswebpro.com.br\/primecare\/wp-content\/uploads\/2024\/07\/logo2.png\" alt=\"\" class=\"wp-image-47\" srcset=\"https:\/\/solucoeswebpro.com.br\/primecare\/wp-content\/uploads\/2024\/07\/logo2.png 500w, https:\/\/solucoeswebpro.com.br\/primecare\/wp-content\/uploads\/2024\/07\/logo2-300x300.png 300w, https:\/\/solucoeswebpro.com.br\/primecare\/wp-content\/uploads\/2024\/07\/logo2-150x150.png 150w\" sizes=\"(max-width: 500px) 100vw, 500px\" \/><\/figure>\n\n\n\n<h1 class=\"wp-block-heading\">Solu\u00e7\u00f5es Web Pro<\/h1>\n\n\n\n<h2 class=\"wp-block-heading\">Solu\u00e7\u00f5es Web Pro<\/h2>\n\n\n\n<h3 class=\"wp-block-heading\">Solu\u00e7\u00f5es Web Pro<\/h3>\n\n\n\n<h4 class=\"wp-block-heading\">Solu\u00e7\u00f5es Web Pro<\/h4>\n\n\n\n<h5 class=\"wp-block-heading\">Solu\u00e7\u00f5es Web Pro<\/h5>\n\n\n\n<h6 class=\"wp-block-heading\">Solu\u00e7\u00f5es Web Pro<\/h6>\n\n\n\n<p>Par\u00e1grafo<\/p>\n\n\n\n<ul class=\"wp-block-list\">\n<li>Lista<\/li>\n<\/ul>\n\n\n\n<div class=\"wp-block-buttons is-layout-flex wp-block-buttons-is-layout-flex\">\n<div class=\"wp-block-button\"><a class=\"wp-block-button__link wp-element-button\">Bot\u00e3o<\/a><\/div>\n<\/div>\n","protected":false},"excerpt":{"rendered":"<p>Solu\u00e7\u00f5es Web Pro Solu\u00e7\u00f5es Web Pro Solu\u00e7\u00f5es Web Pro Solu\u00e7\u00f5es Web Pro Solu\u00e7\u00f5es Web Pro Solu\u00e7\u00f5es Web Pro Par\u00e1grafo<\/p>\n","protected":false},"author":1,"featured_media":0,"parent":0,"menu_order":0,"comment_status":"closed","ping_status":"closed","template":"elementor_header_footer","meta":{"footnotes":""},"class_list":["post-31","page","type-page","status-publish","hentry"],"_links":{"self":[{"href":"https:\/\/solucoeswebpro.com.br\/primecare\/wp-json\/wp\/v2\/pages\/31","targetHints":{"allow":["GET"]}}],"collection":[{"href":"https:\/\/solucoeswebpro.com.br\/primecare\/wp-json\/wp\/v2\/pages"}],"about":[{"href":"https:\/\/solucoeswebpro.com.br\/primecare\/wp-json\/wp\/v2\/types\/page"}],"author":[{"embeddable":true,"href":"https:\/\/solucoeswebpro.com.br\/primecare\/wp-json\/wp\/v2\/users\/1"}],"replies":[{"embeddable":true,"href":"https:\/\/solucoeswebpro.com.br\/primecare\/wp-json\/wp\/v2\/comments?post=31"}],"version-history":[{"count":2,"href":"https:\/\/solucoeswebpro.com.br\/primecare\/wp-json\/wp\/v2\/pages\/31\/revisions"}],"predecessor-version":[{"id":295,"href":"https:\/\/solucoeswebpro.com.br\/primecare\/wp-json\/wp\/v2\/pages\/31\/revisions\/295"}],"wp:attachment":[{"href":"https:\/\/solucoeswebpro.com.br\/primecare\/wp-json\/wp\/v2\/media?parent=31"}],"curies":[{"name":"wp","href":"https:\/\/api.w.org\/{rel}","templated":true}]}}